{"id":221,"date":"2024-06-23T16:25:38","date_gmt":"2024-06-23T16:25:38","guid":{"rendered":"https:\/\/ivonnejuarezrealestate.com\/?page_id=221"},"modified":"2025-03-09T01:49:09","modified_gmt":"2025-03-09T01:49:09","slug":"sobre-mi","status":"publish","type":"page","link":"https:\/\/ivonnejuarezrealestate.com\/en\/sobre-mi\/","title":{"rendered":"Sobre m\u00ed"},"content":{"rendered":"\t\t<div data-elementor-type=\"wp-page\" data-elementor-id=\"221\" class=\"elementor elementor-221\" data-elementor-post-type=\"page\">\n\t\t\t\t<div class=\"elementor-element elementor-element-452e751 e-flex e-con-boxed e-con e-parent\" data-id=\"452e751\" data-element_type=\"container\" data-e-type=\"container\">\n\t\t\t\t\t<div class=\"e-con-inner\">\n\t\t\t\t<div class=\"elementor-element elementor-element-7167f7d elementor-widget elementor-widget-spacer\" data-id=\"7167f7d\" data-element_type=\"widget\" data-e-type=\"widget\" data-widget_type=\"spacer.default\">\n\t\t\t\t<div class=\"elementor-widget-container\">\n\t\t\t\t\t\t\t<div class=\"elementor-spacer\">\n\t\t\t<div class=\"elementor-spacer-inner\"><\/div>\n\t\t<\/div>\n\t\t\t\t\t\t<\/div>\n\t\t\t\t<\/div>\n\t\t\t\t\t<\/div>\n\t\t\t\t<\/div>\n\t\t<div class=\"elementor-element elementor-element-77bf3d4 e-flex e-con-boxed e-con e-parent\" data-id=\"77bf3d4\" data-element_type=\"container\" data-e-type=\"container\">\n\t\t\t\t\t<div class=\"e-con-inner\">\n\t\t<div class=\"elementor-element elementor-element-6fa30d1 e-con-full e-flex e-con e-child\" data-id=\"6fa30d1\" data-element_type=\"container\" data-e-type=\"container\">\n\t\t\t\t<\/div>\n\t\t<div class=\"elementor-element elementor-element-c28f25b e-con-full e-flex e-con e-child\" data-id=\"c28f25b\" data-element_type=\"container\" data-e-type=\"container\">\n\t\t\t\t<div class=\"elementor-element elementor-element-9bb8e88 elementor-widget elementor-widget-image\" data-id=\"9bb8e88\" data-element_type=\"widget\" data-e-type=\"widget\" data-widget_type=\"image.default\">\n\t\t\t\t<div class=\"elementor-widget-container\">\n\t\t\t\t\t\t\t\t\t\t\t\t\t\t\t<img fetchpriority=\"high\" decoding=\"async\" width=\"728\" height=\"150\" src=\"https:\/\/ivonnejuarezrealestate.com\/wp-content\/uploads\/2025\/03\/Banner-web-2.jpg\" class=\"attachment-large size-large wp-image-973\" alt=\"\" srcset=\"https:\/\/ivonnejuarezrealestate.com\/wp-content\/uploads\/2025\/03\/Banner-web-2.jpg 728w, https:\/\/ivonnejuarezrealestate.com\/wp-content\/uploads\/2025\/03\/Banner-web-2-300x62.jpg 300w, https:\/\/ivonnejuarezrealestate.com\/wp-content\/uploads\/2025\/03\/Banner-web-2-18x4.jpg 18w\" sizes=\"(max-width: 728px) 100vw, 728px\" \/>\t\t\t\t\t\t\t\t\t\t\t\t\t\t\t<\/div>\n\t\t\t\t<\/div>\n\t\t\t\t<\/div>\n\t\t<div class=\"elementor-element elementor-element-87b8105 e-con-full e-flex e-con e-child\" data-id=\"87b8105\" data-element_type=\"container\" data-e-type=\"container\">\n\t\t\t\t<\/div>\n\t\t\t\t\t<\/div>\n\t\t\t\t<\/div>\n\t\t<div class=\"elementor-element elementor-element-67f4deb e-flex e-con-boxed e-con e-parent\" data-id=\"67f4deb\" data-element_type=\"container\" data-e-type=\"container\">\n\t\t\t\t\t<div class=\"e-con-inner\">\n\t\t<div class=\"elementor-element elementor-element-6a0a189 e-con-full e-flex e-con e-child\" data-id=\"6a0a189\" data-element_type=\"container\" data-e-type=\"container\">\n\t\t\t\t<\/div>\n\t\t<div class=\"elementor-element elementor-element-f5d41ff e-con-full e-flex e-con e-child\" data-id=\"f5d41ff\" data-element_type=\"container\" data-e-type=\"container\">\n\t\t\t\t<div class=\"elementor-element elementor-element-a8935ae elementor-widget elementor-widget-heading\" data-id=\"a8935ae\" data-element_type=\"widget\" data-e-type=\"widget\" data-widget_type=\"heading.default\">\n\t\t\t\t<div class=\"elementor-widget-container\">\n\t\t\t\t\t<h3 class=\"elementor-heading-title elementor-size-default\">Sobre m\u00ed:<\/h3>\t\t\t\t<\/div>\n\t\t\t\t<\/div>\n\t\t\t\t<div class=\"elementor-element elementor-element-16a67e5 elementor-widget elementor-widget-heading\" data-id=\"16a67e5\" data-element_type=\"widget\" data-e-type=\"widget\" data-widget_type=\"heading.default\">\n\t\t\t\t<div class=\"elementor-widget-container\">\n\t\t\t\t\t<h2 class=\"elementor-heading-title elementor-size-default\">Tu aliada en bienes ra\u00edces con coraz\u00f3n, experiencia y compromiso<\/h2>\t\t\t\t<\/div>\n\t\t\t\t<\/div>\n\t\t\t\t<div class=\"elementor-element elementor-element-d078fd1 elementor-widget elementor-widget-text-editor\" data-id=\"d078fd1\" data-element_type=\"widget\" data-e-type=\"widget\" data-widget_type=\"text-editor.default\">\n\t\t\t\t<div class=\"elementor-widget-container\">\n\t\t\t\t\t\t\t\t\t<p>Ivonne Ju\u00e1rez es una profesional inmobiliaria dedicada, cuya pasi\u00f3n por ayudar a las personas a alcanzar sus sue\u00f1os ha marcado su trayectoria. Su carrera se distingue por la <strong>integridad, transparencia y enfoque personalizado, brindando a cada cliente la seguridad y confianza necesarias durante su proceso de compra, venta o inversi\u00f3n.<\/strong><\/p><p>Nacida en Guatemala, lleg\u00f3 a Estados Unidos en 1992 con la determinaci\u00f3n de conquistar sue\u00f1os y aprovechar las oportunidades que este pa\u00eds le ofrec\u00eda. Con m\u00e1s de <strong>25 a\u00f1os de experiencia en la industria de ventas, Ivonne descubri\u00f3 su verdadera vocaci\u00f3n: acompa\u00f1ar a otros en el camino hacia el \u00e9xito a trav\u00e9s de los bienes ra\u00edces. <\/strong><\/p>\t\t\t\t\t\t\t\t<\/div>\n\t\t\t\t<\/div>\n\t\t\t\t<\/div>\n\t\t<div class=\"elementor-element elementor-element-e12042f e-con-full e-flex e-con e-child\" data-id=\"e12042f\" data-element_type=\"container\" data-e-type=\"container\">\n\t\t\t\t<\/div>\n\t\t\t\t\t<\/div>\n\t\t\t\t<\/div>\n\t\t<div class=\"elementor-element elementor-element-b9ff19a e-flex e-con-boxed e-con e-parent\" data-id=\"b9ff19a\" data-element_type=\"container\" data-e-type=\"container\">\n\t\t\t\t\t<div class=\"e-con-inner\">\n\t\t<div class=\"elementor-element elementor-element-df2860e e-con-full e-flex e-con e-child\" data-id=\"df2860e\" data-element_type=\"container\" data-e-type=\"container\">\n\t\t\t\t<\/div>\n\t\t<div class=\"elementor-element elementor-element-50a9706 e-con-full e-flex e-con e-child\" data-id=\"50a9706\" data-element_type=\"container\" data-e-type=\"container\">\n\t\t\t\t<div class=\"elementor-element elementor-element-b198530 elementor-widget elementor-widget-spacer\" data-id=\"b198530\" data-element_type=\"widget\" data-e-type=\"widget\" data-widget_type=\"spacer.default\">\n\t\t\t\t<div class=\"elementor-widget-container\">\n\t\t\t\t\t\t\t<div class=\"elementor-spacer\">\n\t\t\t<div class=\"elementor-spacer-inner\"><\/div>\n\t\t<\/div>\n\t\t\t\t\t\t<\/div>\n\t\t\t\t<\/div>\n\t\t\t\t<div class=\"elementor-element elementor-element-1e8b623 elementor-widget elementor-widget-image\" data-id=\"1e8b623\" data-element_type=\"widget\" data-e-type=\"widget\" data-widget_type=\"image.default\">\n\t\t\t\t<div class=\"elementor-widget-container\">\n\t\t\t\t\t\t\t\t\t\t\t\t\t\t\t<img decoding=\"async\" src=\"https:\/\/i.postimg.cc\/nLmF739r\/Lower-Building-Shot.jpg\" title=\"\" alt=\"\" loading=\"lazy\" \/>\t\t\t\t\t\t\t\t\t\t\t\t\t\t\t<\/div>\n\t\t\t\t<\/div>\n\t\t\t\t<\/div>\n\t\t<div class=\"elementor-element elementor-element-54cde9b e-con-full e-flex e-con e-child\" data-id=\"54cde9b\" data-element_type=\"container\" data-e-type=\"container\">\n\t\t\t\t<div class=\"elementor-element elementor-element-3f2aeaa elementor-widget elementor-widget-text-editor\" data-id=\"3f2aeaa\" data-element_type=\"widget\" data-e-type=\"widget\" data-widget_type=\"text-editor.default\">\n\t\t\t\t<div class=\"elementor-widget-container\">\n\t\t\t\t\t\t\t\t\t<p>Para Ivonne, la <strong>comunicaci\u00f3n clara y constante<\/strong>\u00a0es la clave para tomar decisiones informadas. Su prioridad es que cada persona se sienta acompa\u00f1ada, comprendida y con la certeza de estar dando el paso correcto hacia su futuro.<\/p><p>M\u00e1s all\u00e1 de su carrera, Ivonne es una madre amorosa, con una <strong>fe inquebrantable<\/strong>\u00a0y una familia que es su mayor orgullo: 4 hijos y 9 nietos. En su tiempo libre, disfruta compartir con ellos, leer, explorar la naturaleza, descubrir nuevas culturas y participar activamente en la organizaci\u00f3n de eventos escolares.<\/p><p>Cada aspecto de su vida est\u00e1 guiado por el amor, la dedicaci\u00f3n y el profundo deseo de <strong>servir a los dem\u00e1s.<\/strong><\/p>\t\t\t\t\t\t\t\t<\/div>\n\t\t\t\t<\/div>\n\t\t\t\t<\/div>\n\t\t<div class=\"elementor-element elementor-element-8be9dd1 e-con-full e-flex e-con e-child\" data-id=\"8be9dd1\" data-element_type=\"container\" data-e-type=\"container\">\n\t\t\t\t<\/div>\n\t\t\t\t\t<\/div>\n\t\t\t\t<\/div>\n\t\t<div class=\"elementor-element elementor-element-0df6bd7 e-flex e-con-boxed e-con e-parent\" data-id=\"0df6bd7\" data-element_type=\"container\" data-e-type=\"container\">\n\t\t\t\t\t<div class=\"e-con-inner\">\n\t\t<div class=\"elementor-element elementor-element-a4cfcf2 e-con-full e-flex e-con e-child\" data-id=\"a4cfcf2\" data-element_type=\"container\" data-e-type=\"container\">\n\t\t\t\t<\/div>\n\t\t<div class=\"elementor-element elementor-element-ab447c0 e-con-full e-flex e-con e-child\" data-id=\"ab447c0\" data-element_type=\"container\" data-e-type=\"container\">\n\t\t\t\t<div class=\"elementor-element elementor-element-849c0f4 elementor-widget elementor-widget-es-request-form-widget\" data-id=\"849c0f4\" data-element_type=\"widget\" data-e-type=\"widget\" data-widget_type=\"es-request-form-widget.default\">\n\t\t\t\t<div class=\"elementor-widget-container\">\n\t\t\t\t\t<div class=\"es-request-form es-request-form--sidebar\" style=\"background: #263238\">\n            <h3 class=\"es-widget__title\">Ask an Agent About This Home<\/h3>\n    <div class=\"es-component\">\n    <form method=\"post\" class=\"js-es-request-form es-request-form\">\n\t\t        <div class=\"es-request-form__fields\">\n\t\t\t\n                               <div class='es-field es-field__name es-field--text '>\n                                   <label for='name-69e4f81e71798'><span class='es-field__label'>Name*<\/span><input id=\"name-69e4f81e71798\" name=\"name\" class=\"es-field__input\" required=\"required\" maxlength=\"50\" type=\"text\" value=\"\" \/><\/label>\n                               <\/div>\n                           \n                               <div class='es-field es-field__email es-field--email '>\n                                   <label for='email-69e4f81e71798'><span class='es-field__label'>Email*<\/span><input id=\"email-69e4f81e71798\" name=\"email\" class=\"es-field__input\" required=\"required\" maxlength=\"256\" type=\"email\" value=\"\" \/><\/label>\n                               <\/div>\n                           \n                               <div class='es-field es-field__phone es-field--phone '>\n                                   <div><span class='es-field__label'>Phone<\/span>\n                               <div class='js-es-field es-field es-field__code es-field--select '>\n                                   <label for='es-field-code-69e4f81e71bf9'>\n\t\t\t<select id=\"es-field-code-69e4f81e71bf9\" name=\"phone[code]\" class=\"js-es-phone-field es-field__input\" data-codes=\"{&quot;US&quot;:&quot;+1&quot;,&quot;CA&quot;:&quot;+1&quot;,&quot;GB&quot;:&quot;+44&quot;,&quot;PL&quot;:&quot;+48&quot;,&quot;DE&quot;:&quot;+49&quot;,&quot;ES&quot;:&quot;+34&quot;,&quot;FR&quot;:&quot;+33&quot;,&quot;AU&quot;:&quot;+61&quot;,&quot;AT&quot;:&quot;+43&quot;,&quot;BE&quot;:&quot;+32&quot;,&quot;CL&quot;:&quot;+56&quot;,&quot;CY&quot;:&quot;+357&quot;,&quot;CZ&quot;:&quot;+420&quot;,&quot;DK&quot;:&quot;+45&quot;,&quot;EG&quot;:&quot;+20&quot;,&quot;GE&quot;:&quot;+995&quot;,&quot;GR&quot;:&quot;+30&quot;,&quot;IL&quot;:&quot;+972&quot;,&quot;LV&quot;:&quot;+371&quot;,&quot;LT&quot;:&quot;+370&quot;,&quot;MC&quot;:&quot;+377&quot;,&quot;NL&quot;:&quot;+31&quot;,&quot;PH&quot;:&quot;+63&quot;,&quot;PT&quot;:&quot;+351&quot;,&quot;SE&quot;:&quot;+46&quot;,&quot;IT&quot;:&quot;+39&quot;,&quot;ZA&quot;:&quot;+27&quot;,&quot;&quot;:&quot;&quot;}\" data-icons=\"{&quot;US&quot;:&quot;https:\\\/\\\/ivonnejuarezrealestate.com\\\/wp-content\\\/plugins\\\/estatik\\\/\\\/public\\\/img\\\/flags\\\/united-states-of-america-flag.svg&quot;,&quot;CA&quot;:&quot;https:\\\/\\\/ivonnejuarezrealestate.com\\\/wp-content\\\/plugins\\\/estatik\\\/\\\/public\\\/img\\\/flags\\\/canada-flag.svg&quot;,&quot;GB&quot;:&quot;https:\\\/\\\/ivonnejuarezrealestate.com\\\/wp-content\\\/plugins\\\/estatik\\\/\\\/public\\\/img\\\/flags\\\/united-kingdom-flag.svg&quot;,&quot;PL&quot;:&quot;https:\\\/\\\/ivonnejuarezrealestate.com\\\/wp-content\\\/plugins\\\/estatik\\\/\\\/public\\\/img\\\/flags\\\/poland-flag.svg&quot;,&quot;DE&quot;:&quot;https:\\\/\\\/ivonnejuarezrealestate.com\\\/wp-content\\\/plugins\\\/estatik\\\/\\\/public\\\/img\\\/flags\\\/germany-flag.svg&quot;,&quot;ES&quot;:&quot;https:\\\/\\\/ivonnejuarezrealestate.com\\\/wp-content\\\/plugins\\\/estatik\\\/\\\/public\\\/img\\\/flags\\\/spain-flag.svg&quot;,&quot;FR&quot;:&quot;https:\\\/\\\/ivonnejuarezrealestate.com\\\/wp-content\\\/plugins\\\/estatik\\\/\\\/public\\\/img\\\/flags\\\/france-flag.svg&quot;,&quot;AU&quot;:&quot;https:\\\/\\\/ivonnejuarezrealestate.com\\\/wp-content\\\/plugins\\\/estatik\\\/\\\/public\\\/img\\\/flags\\\/australia-flag.svg&quot;,&quot;AT&quot;:&quot;https:\\\/\\\/ivonnejuarezrealestate.com\\\/wp-content\\\/plugins\\\/estatik\\\/\\\/public\\\/img\\\/flags\\\/austria-flag.svg&quot;,&quot;BE&quot;:&quot;https:\\\/\\\/ivonnejuarezrealestate.com\\\/wp-content\\\/plugins\\\/estatik\\\/\\\/public\\\/img\\\/flags\\\/belgium-flag.svg&quot;,&quot;CL&quot;:&quot;https:\\\/\\\/ivonnejuarezrealestate.com\\\/wp-content\\\/plugins\\\/estatik\\\/\\\/public\\\/img\\\/flags\\\/chile-flag.svg&quot;,&quot;CY&quot;:&quot;https:\\\/\\\/ivonnejuarezrealestate.com\\\/wp-content\\\/plugins\\\/estatik\\\/\\\/public\\\/img\\\/flags\\\/cyprus-flag.svg&quot;,&quot;CZ&quot;:&quot;https:\\\/\\\/ivonnejuarezrealestate.com\\\/wp-content\\\/plugins\\\/estatik\\\/\\\/public\\\/img\\\/flags\\\/czech-republic-flag.svg&quot;,&quot;DK&quot;:&quot;https:\\\/\\\/ivonnejuarezrealestate.com\\\/wp-content\\\/plugins\\\/estatik\\\/\\\/public\\\/img\\\/flags\\\/denmark-flag.svg&quot;,&quot;EG&quot;:&quot;https:\\\/\\\/ivonnejuarezrealestate.com\\\/wp-content\\\/plugins\\\/estatik\\\/\\\/public\\\/img\\\/flags\\\/egypt-flag.svg&quot;,&quot;FI&quot;:&quot;https:\\\/\\\/ivonnejuarezrealestate.com\\\/wp-content\\\/plugins\\\/estatik\\\/\\\/public\\\/img\\\/flags\\\/finland-flag.svg&quot;,&quot;GE&quot;:&quot;https:\\\/\\\/ivonnejuarezrealestate.com\\\/wp-content\\\/plugins\\\/estatik\\\/\\\/public\\\/img\\\/flags\\\/georgia-flag.svg&quot;,&quot;GR&quot;:&quot;https:\\\/\\\/ivonnejuarezrealestate.com\\\/wp-content\\\/plugins\\\/estatik\\\/\\\/public\\\/img\\\/flags\\\/greece-flag.svg&quot;,&quot;IL&quot;:&quot;https:\\\/\\\/ivonnejuarezrealestate.com\\\/wp-content\\\/plugins\\\/estatik\\\/\\\/public\\\/img\\\/flags\\\/israel-flag.svg&quot;,&quot;LV&quot;:&quot;https:\\\/\\\/ivonnejuarezrealestate.com\\\/wp-content\\\/plugins\\\/estatik\\\/\\\/public\\\/img\\\/flags\\\/latvia-flag.svg&quot;,&quot;LT&quot;:&quot;https:\\\/\\\/ivonnejuarezrealestate.com\\\/wp-content\\\/plugins\\\/estatik\\\/\\\/public\\\/img\\\/flags\\\/lithuania-flag.svg&quot;,&quot;MC&quot;:&quot;https:\\\/\\\/ivonnejuarezrealestate.com\\\/wp-content\\\/plugins\\\/estatik\\\/\\\/public\\\/img\\\/flags\\\/monaco-flag.svg&quot;,&quot;NL&quot;:&quot;https:\\\/\\\/ivonnejuarezrealestate.com\\\/wp-content\\\/plugins\\\/estatik\\\/\\\/public\\\/img\\\/flags\\\/netherlands-flag.svg&quot;,&quot;PH&quot;:&quot;https:\\\/\\\/ivonnejuarezrealestate.com\\\/wp-content\\\/plugins\\\/estatik\\\/\\\/public\\\/img\\\/flags\\\/philippines-flag.svg&quot;,&quot;PT&quot;:&quot;https:\\\/\\\/ivonnejuarezrealestate.com\\\/wp-content\\\/plugins\\\/estatik\\\/\\\/public\\\/img\\\/flags\\\/portugal-flag.svg&quot;,&quot;SE&quot;:&quot;https:\\\/\\\/ivonnejuarezrealestate.com\\\/wp-content\\\/plugins\\\/estatik\\\/\\\/public\\\/img\\\/flags\\\/sweden-flag.svg&quot;,&quot;IT&quot;:&quot;https:\\\/\\\/ivonnejuarezrealestate.com\\\/wp-content\\\/plugins\\\/estatik\\\/\\\/public\\\/img\\\/flags\\\/italy-flag.svg&quot;,&quot;ZA&quot;:&quot;https:\\\/\\\/ivonnejuarezrealestate.com\\\/wp-content\\\/plugins\\\/estatik\\\/\\\/public\\\/img\\\/flags\\\/south-africa-flag.svg&quot;}\" ><option value=\"US\" >USA<\/option><option value=\"CA\" >Canada<\/option><option value=\"FR\" >France<\/option><option value=\"DE\" >Germany<\/option><option value=\"GB\" >Great Britain<\/option><option value=\"ES\" >Spain<\/option><option value=\"AU\" >Australia<\/option><option value=\"AT\" >Austria<\/option><option value=\"BE\" >Belgium<\/option><option value=\"CL\" >Chile<\/option><option value=\"CY\" >Cyprus<\/option><option value=\"CZ\" >Czech Republic<\/option><option value=\"DK\" >Denmark<\/option><option value=\"EG\" >Egypt<\/option><option value=\"FI\" >Finland<\/option><option value=\"GE\" >Georgia<\/option><option value=\"GR\" >Greece<\/option><option value=\"IL\" >Israel<\/option><option value=\"LV\" >Latvia<\/option><option value=\"LT\" >Lithuania<\/option><option value=\"MC\" >Monaco<\/option><option value=\"NL\" >Netherlands<\/option><option value=\"PH\" >Philippines<\/option><option value=\"PL\" >Poland<\/option><option value=\"PT\" >Portugal<\/option><option value=\"SE\" >Sweden<\/option><option value=\"IT\" >Italy<\/option><option value=\"ZA\" >South Africa<\/option><option value=\"\"  selected='selected'>Other<\/option><\/select>\n\t\t<\/label>\n                               <\/div>\n                           \n                               <div class='es-field es-field__tel es-field--text '>\n                                   <label for='es-field-tel'><input id=\"es-field-tel\" name=\"phone[tel]\" class=\"js-es-phone es-field__input\" maxlength=\"40\" minlength=\"4\" type=\"text\" value=\"\" \/><\/label>\n                               <\/div>\n                           <\/div>\n                               <\/div>\n                           \n                               <div class='js-es-field es-field es-field__message es-field--textarea '>\n                                   <label for='message-69e4f81e71798'><span class='es-field__label'>Message*<\/span><textarea id=\"message-69e4f81e71798\" name=\"message\" class=\"es-field__input\" required=\"required\" maxlength=\"500\" >Hello, I'd like more information about this home. Thank you!<\/textarea><\/label>\n                               <\/div>\n                           <input type=\"hidden\" id=\"es_request_form_nonce_69e4f81e71796\" name=\"es_request_form_nonce_69e4f81e71796\" value=\"a6cc72006a\" \/><input type=\"hidden\" name=\"_wp_http_referer\" value=\"\/en\/wp-json\/wp\/v2\/pages\/221\" \/>\n\t\t\t            <input type=\"hidden\" name=\"uniqid\" value=\"69e4f81e71796\">\n\n            <input type=\"hidden\" name=\"action\" value=\"es_submit_request_form\"\/>\n\n\t\t\t                <input type=\"hidden\" name=\"post_id\" value=\"221\"\/>\n\t\t\t\n\t\t\t                <input type=\"hidden\" name=\"subject\" value=\"Estatik Request Info from\"\/>\n\t\t\t\n            <input type=\"hidden\" name=\"recipient_type\" value=\"1\">\n\n\t\t\t\n\t\t\t\n\t\t\t<div class='es-privacy-policy-container'><div class='es-terms-text'>By clicking the \u00abREQUEST INFO\u00bb button you agree to the Terms of Use and Privacy Policy<\/div><\/div>\t\t\t\n            <div class=\"es-btn-wrapper es-btn-wrapper--center es-btn-wrapper-submit--margin\">\n                <button type=\"submit\" class=\"es-btn es-btn--primary js-es-request-form-submit\">Request info<\/button>\n            <\/div>\n\n\t\t\t        <\/div>\n    <\/form>\n<\/div>\n    <div class=\"js-es-request-form__response\"><\/div>\n<\/div>\n\t\t\t\t<\/div>\n\t\t\t\t<\/div>\n\t\t\t\t<\/div>\n\t\t<div class=\"elementor-element elementor-element-a7d9ad5 e-con-full e-flex e-con e-child\" data-id=\"a7d9ad5\" data-element_type=\"container\" data-e-type=\"container\">\n\t\t\t\t<\/div>\n\t\t\t\t\t<\/div>\n\t\t\t\t<\/div>\n\t\t\t\t<\/div>\n\t\t","protected":false},"excerpt":{"rendered":"<p>Sobre m\u00ed: Tu aliada en bienes ra\u00edces con coraz\u00f3n, experiencia y compromiso Ivonne Ju\u00e1rez es una profesional inmobiliaria dedicada, cuya [&hellip;]<\/p>\n","protected":false},"author":1,"featured_media":0,"parent":0,"menu_order":0,"comment_status":"closed","ping_status":"closed","template":"","meta":{"_monsterinsights_skip_tracking":false,"_monsterinsights_sitenote_active":false,"_monsterinsights_sitenote_note":"","_monsterinsights_sitenote_category":0,"site-sidebar-layout":"no-sidebar","site-content-layout":"","ast-site-content-layout":"full-width-container","site-content-style":"default","site-sidebar-style":"default","ast-global-header-display":"","ast-banner-title-visibility":"","ast-main-header-display":"","ast-hfb-above-header-display":"","ast-hfb-below-header-display":"","ast-hfb-mobile-header-display":"","site-post-title":"disabled","ast-breadcrumbs-content":"","ast-featured-img":"disabled","footer-sml-layout":"","ast-disable-related-posts":"","theme-transparent-header-meta":"","adv-header-id-meta":"","stick-header-meta":"","header-above-stick-meta":"","header-main-stick-meta":"","header-below-stick-meta":"","astra-migrate-meta-layouts":"default","ast-page-background-enabled":"default","ast-page-background-meta":{"desktop":{"background-color":"var(--ast-global-color-4)","background-image":"","background-repeat":"repeat","background-position":"center center","background-size":"auto","background-attachment":"scroll","background-type":"","background-media":"","overlay-type":"","overlay-color":"","overlay-opacity":"","overlay-gradient":""},"tablet":{"background-color":"","background-image":"","background-repeat":"repeat","background-position":"center center","background-size":"auto","background-attachment":"scroll","background-type":"","background-media":"","overlay-type":"","overlay-color":"","overlay-opacity":"","overlay-gradient":""},"mobile":{"background-color":"","background-image":"","background-repeat":"repeat","background-position":"center center","background-size":"auto","background-attachment":"scroll","background-type":"","background-media":"","overlay-type":"","overlay-color":"","overlay-opacity":"","overlay-gradient":""}},"ast-content-background-meta":{"desktop":{"background-color":"var(--ast-global-color-5)","background-image":"","background-repeat":"repeat","background-position":"center center","background-size":"auto","background-attachment":"scroll","background-type":"","background-media":"","overlay-type":"","overlay-color":"","overlay-opacity":"","overlay-gradient":""},"tablet":{"background-color":"var(--ast-global-color-5)","background-image":"","background-repeat":"repeat","background-position":"center center","background-size":"auto","background-attachment":"scroll","background-type":"","background-media":"","overlay-type":"","overlay-color":"","overlay-opacity":"","overlay-gradient":""},"mobile":{"background-color":"var(--ast-global-color-5)","background-image":"","background-repeat":"repeat","background-position":"center center","background-size":"auto","background-attachment":"scroll","background-type":"","background-media":"","overlay-type":"","overlay-color":"","overlay-opacity":"","overlay-gradient":""}},"footnotes":""},"class_list":["post-221","page","type-page","status-publish","hentry"],"aioseo_notices":[],"_links":{"self":[{"href":"https:\/\/ivonnejuarezrealestate.com\/en\/wp-json\/wp\/v2\/pages\/221","targetHints":{"allow":["GET"]}}],"collection":[{"href":"https:\/\/ivonnejuarezrealestate.com\/en\/wp-json\/wp\/v2\/pages"}],"about":[{"href":"https:\/\/ivonnejuarezrealestate.com\/en\/wp-json\/wp\/v2\/types\/page"}],"author":[{"embeddable":true,"href":"https:\/\/ivonnejuarezrealestate.com\/en\/wp-json\/wp\/v2\/users\/1"}],"replies":[{"embeddable":true,"href":"https:\/\/ivonnejuarezrealestate.com\/en\/wp-json\/wp\/v2\/comments?post=221"}],"version-history":[{"count":20,"href":"https:\/\/ivonnejuarezrealestate.com\/en\/wp-json\/wp\/v2\/pages\/221\/revisions"}],"predecessor-version":[{"id":980,"href":"https:\/\/ivonnejuarezrealestate.com\/en\/wp-json\/wp\/v2\/pages\/221\/revisions\/980"}],"wp:attachment":[{"href":"https:\/\/ivonnejuarezrealestate.com\/en\/wp-json\/wp\/v2\/media?parent=221"}],"curies":[{"name":"wp","href":"https:\/\/api.w.org\/{rel}","templated":true}]}}